{"id":306,"date":"2021-01-04T09:52:55","date_gmt":"2021-01-04T08:52:55","guid":{"rendered":"http:\/\/2n7gvayrkh.preview.infomaniak.website\/offre-demploi\/"},"modified":"2025-10-07T14:13:40","modified_gmt":"2025-10-07T12:13:40","slug":"jobangebot","status":"publish","type":"page","link":"https:\/\/copy.maison-petite-enfance.bmp-services.ch\/de\/jobangebot\/","title":{"rendered":"Jobangebot"},"content":{"rendered":"\n<p><strong>Arbeiten im Kleinkindertreff<\/strong><\/p>\n<p>Die Organisation und Funktionsweise des Kleinkindertreffs erlaubt es uns nicht, Anfragen nach Lehrstellen oder Praktika positiv zu beantworten. In der Tat ist unsere Struktur \u2013 die sich am Modell der Maison Verte von Fran\u00e7oise Dolto orientiert \u2013 nur an 4 Nachmittagen und einem Vormittag pro Woche ge\u00f6ffnet. Der Interventionskontext unseres Treffs, der sowohl ein Ort der Begegnung als auch der Pr\u00e4vention ist, erfordert eine abgeschlossene Ausbildung im Bereich Kindheit oder Familie sowie einige Jahre Erfahrung.<\/p>\n<p id=\"tw-target-text\" class=\"tw-data-text tw-text-large tw-ta\" dir=\"ltr\" data-placeholder=\"Traduction\" aria-label=\"Texte traduit\" data-ved=\"2ahUKEwj1s7-Hj_SGAxV6h_0HHdOjCMAQ3ewLegQIDhAU\"><span class=\"Y2IQFc\" lang=\"de\">Zurzeit suchen wir zur Vervollst\u00e4ndigung unseres Teams:<\/span><\/p>\n<p class=\"has-text-align-center\"><strong>\u00a0\u00a0\u00a0\u00a0\u00a0\u00a0\u00a0\u00a0\u00a0\u00a0\u00a0\u00a0\u00a0\u00a0\u00a0\u00a0\u00a0 einem neuen Mitglied unseres Teams zu 10% <\/strong>(auf halb-freiwilliger Basis)<\/p>\n<p><strong>Wir w\u00fcnschen uns, dass Sie<\/strong><\/p>\n<ul>\n<li>eine Ausbildung in den Bereichen P\u00e4dagogik, Psychologie, Sozialarbeit mit Erfahrung in der Arbeit mit Kindern und Familien mitbringen,<\/li>\n<li>Kleinkinder in ihrer Entwicklung begleiten, den Eltern bei ihren Fragen zuh\u00f6ren, ihre Kompetenzen st\u00e4rken<\/li>\n<li>als Duo arbeiten (2-4 Nachmittage pro Monat), w\u00e4hrend der Schulzeiten,<\/li>\n<li>an Teamsitzungen (1x alle zwei Monate) teilnehmen,<\/li>\n<li>sich bereit erkl\u00e4ren, sich in der Intervention in einem Maison Verte-\u00e4hnlichen Ort auf der theoretischen Grundlage von Fran\u00e7oise Dolto schulen zu lassen,<\/li>\n<li>sich als Freiwillige am Betrieb des Kleinkindertreffs beteiligen, indem er oder sie Aufgaben \u00fcbernimmt (Teilnahme an Veranstaltungen, die mit der Politik der fr\u00fchen Kindheit zusammenh\u00e4ngen, Zusammenarbeit mit dem Vorstand des Vereins, etc.)<\/li>\n<li>sehr gute Kenntnisse der deutschen und franz\u00f6sischen Sprache, weitere. Sprachkenntnisse w\u00e4re von Vorteil<\/li>\n<li>eine moralische Verpflichtung f\u00fcr eine einj\u00e4hrige Arbeitsverpflichtung<\/li>\n<\/ul>\n<p><strong>Nous Wir bieten<\/strong><\/p>\n<ul>\n<li>die M\u00f6glichkeit einer Ausbildung als Accueillante (Journ\u00e9es romandes des Maisons Vertes, Ausbildungstage an der EESP in Lausanne),<\/li>\n<li>Team-Supervisionssitzungen, 3 bis 4 Mal pro Jahr.<\/li>\n<\/ul>\n<p>Dem Engagement geht ein Praktikum von 3 Nachmittagen voraus.<\/p>\n<p>Bewerbungen richten Sie bitte<strong>\u00a0per Mail an <a href=\"mailto:accueil@copy.maison-petite-enfance.bmp-services.ch\">accueil@copy.maison-petite-enfance.bmp-services.ch<\/a><\/strong>.<\/p>\n","protected":false},"excerpt":{"rendered":"<p>Arbeiten im Kleinkindertreff Die Organisation und Funktionsweise des Kleinkindertreffs erlaubt es uns nicht, Anfragen nach Lehrstellen oder Praktika positiv zu beantworten. In der Tat ist unsere Struktur \u2013 die sich am Modell der Maison Verte von Fran\u00e7oise Dolto orientiert \u2013 nur an 4 Nachmittagen und einem Vormittag pro Woche ge\u00f6ffnet. Der Interventionskontext unseres Treffs, der [&hellip;]<\/p>\n","protected":false},"author":1,"featured_media":0,"parent":0,"menu_order":0,"comment_status":"closed","ping_status":"closed","template":"","meta":{"_acf_changed":false,"_monsterinsights_skip_tracking":false,"_monsterinsights_sitenote_active":false,"_monsterinsights_sitenote_note":"","_monsterinsights_sitenote_category":0,"footnotes":""},"class_list":["post-306","page","type-page","status-publish","hentry"],"acf":[],"yoast_head":"<!-- This site is optimized with the Yoast SEO plugin v27.4 - https:\/\/yoast.com\/product\/yoast-seo-wordpress\/ -->\n<title>Jobangebot - La Maison de la Petite Enfance de Fribourg<\/title>\n<meta name=\"robots\" content=\"index, follow, max-snippet:-1, max-image-preview:large, max-video-preview:-1\" \/>\n<link rel=\"canonical\" href=\"https:\/\/copy.maison-petite-enfance.bmp-services.ch\/de\/jobangebot\/\" \/>\n<meta property=\"og:locale\" content=\"de_DE\" \/>\n<meta property=\"og:type\" content=\"article\" \/>\n<meta property=\"og:title\" content=\"Jobangebot - La Maison de la Petite Enfance de Fribourg\" \/>\n<meta property=\"og:description\" content=\"Arbeiten im Kleinkindertreff Die Organisation und Funktionsweise des Kleinkindertreffs erlaubt es uns nicht, Anfragen nach Lehrstellen oder Praktika positiv zu beantworten. In der Tat ist unsere Struktur \u2013 die sich am Modell der Maison Verte von Fran\u00e7oise Dolto orientiert \u2013 nur an 4 Nachmittagen und einem Vormittag pro Woche ge\u00f6ffnet. Der Interventionskontext unseres Treffs, der [&hellip;]\" \/>\n<meta property=\"og:url\" content=\"https:\/\/copy.maison-petite-enfance.bmp-services.ch\/de\/jobangebot\/\" \/>\n<meta property=\"og:site_name\" content=\"La Maison de la Petite Enfance de Fribourg\" \/>\n<meta property=\"article:modified_time\" content=\"2025-10-07T12:13:40+00:00\" \/>\n<meta name=\"twitter:card\" content=\"summary_large_image\" \/>\n<meta name=\"twitter:label1\" content=\"Gesch\u00e4tzte Lesezeit\" \/>\n\t<meta name=\"twitter:data1\" content=\"2\u00a0Minuten\" \/>\n<script type=\"application\/ld+json\" class=\"yoast-schema-graph\">{\"@context\":\"https:\\\/\\\/schema.org\",\"@graph\":[{\"@type\":\"WebPage\",\"@id\":\"https:\\\/\\\/copy.maison-petite-enfance.bmp-services.ch\\\/de\\\/jobangebot\\\/\",\"url\":\"https:\\\/\\\/copy.maison-petite-enfance.bmp-services.ch\\\/de\\\/jobangebot\\\/\",\"name\":\"Jobangebot - La Maison de la Petite Enfance de Fribourg\",\"isPartOf\":{\"@id\":\"https:\\\/\\\/copy.maison-petite-enfance.bmp-services.ch\\\/de\\\/#website\"},\"datePublished\":\"2021-01-04T08:52:55+00:00\",\"dateModified\":\"2025-10-07T12:13:40+00:00\",\"breadcrumb\":{\"@id\":\"https:\\\/\\\/copy.maison-petite-enfance.bmp-services.ch\\\/de\\\/jobangebot\\\/#breadcrumb\"},\"inLanguage\":\"de\",\"potentialAction\":[{\"@type\":\"ReadAction\",\"target\":[\"https:\\\/\\\/copy.maison-petite-enfance.bmp-services.ch\\\/de\\\/jobangebot\\\/\"]}]},{\"@type\":\"BreadcrumbList\",\"@id\":\"https:\\\/\\\/copy.maison-petite-enfance.bmp-services.ch\\\/de\\\/jobangebot\\\/#breadcrumb\",\"itemListElement\":[{\"@type\":\"ListItem\",\"position\":1,\"name\":\"Accueil\",\"item\":\"https:\\\/\\\/copy.maison-petite-enfance.bmp-services.ch\\\/de\\\/\"},{\"@type\":\"ListItem\",\"position\":2,\"name\":\"Jobangebot\"}]},{\"@type\":\"WebSite\",\"@id\":\"https:\\\/\\\/copy.maison-petite-enfance.bmp-services.ch\\\/de\\\/#website\",\"url\":\"https:\\\/\\\/copy.maison-petite-enfance.bmp-services.ch\\\/de\\\/\",\"name\":\"La Maison de la Petite Enfance de Fribourg\",\"description\":\"Lieu d\u2019accueil pour les enfants de 0 \u00e0 4 ans avec leurs parents\",\"potentialAction\":[{\"@type\":\"SearchAction\",\"target\":{\"@type\":\"EntryPoint\",\"urlTemplate\":\"https:\\\/\\\/copy.maison-petite-enfance.bmp-services.ch\\\/de\\\/?s={search_term_string}\"},\"query-input\":{\"@type\":\"PropertyValueSpecification\",\"valueRequired\":true,\"valueName\":\"search_term_string\"}}],\"inLanguage\":\"de\"}]}<\/script>\n<!-- \/ Yoast SEO plugin. -->","yoast_head_json":{"title":"Jobangebot - La Maison de la Petite Enfance de Fribourg","robots":{"index":"index","follow":"follow","max-snippet":"max-snippet:-1","max-image-preview":"max-image-preview:large","max-video-preview":"max-video-preview:-1"},"canonical":"https:\/\/copy.maison-petite-enfance.bmp-services.ch\/de\/jobangebot\/","og_locale":"de_DE","og_type":"article","og_title":"Jobangebot - La Maison de la Petite Enfance de Fribourg","og_description":"Arbeiten im Kleinkindertreff Die Organisation und Funktionsweise des Kleinkindertreffs erlaubt es uns nicht, Anfragen nach Lehrstellen oder Praktika positiv zu beantworten. In der Tat ist unsere Struktur \u2013 die sich am Modell der Maison Verte von Fran\u00e7oise Dolto orientiert \u2013 nur an 4 Nachmittagen und einem Vormittag pro Woche ge\u00f6ffnet. Der Interventionskontext unseres Treffs, der [&hellip;]","og_url":"https:\/\/copy.maison-petite-enfance.bmp-services.ch\/de\/jobangebot\/","og_site_name":"La Maison de la Petite Enfance de Fribourg","article_modified_time":"2025-10-07T12:13:40+00:00","twitter_card":"summary_large_image","twitter_misc":{"Gesch\u00e4tzte Lesezeit":"2\u00a0Minuten"},"schema":{"@context":"https:\/\/schema.org","@graph":[{"@type":"WebPage","@id":"https:\/\/copy.maison-petite-enfance.bmp-services.ch\/de\/jobangebot\/","url":"https:\/\/copy.maison-petite-enfance.bmp-services.ch\/de\/jobangebot\/","name":"Jobangebot - La Maison de la Petite Enfance de Fribourg","isPartOf":{"@id":"https:\/\/copy.maison-petite-enfance.bmp-services.ch\/de\/#website"},"datePublished":"2021-01-04T08:52:55+00:00","dateModified":"2025-10-07T12:13:40+00:00","breadcrumb":{"@id":"https:\/\/copy.maison-petite-enfance.bmp-services.ch\/de\/jobangebot\/#breadcrumb"},"inLanguage":"de","potentialAction":[{"@type":"ReadAction","target":["https:\/\/copy.maison-petite-enfance.bmp-services.ch\/de\/jobangebot\/"]}]},{"@type":"BreadcrumbList","@id":"https:\/\/copy.maison-petite-enfance.bmp-services.ch\/de\/jobangebot\/#breadcrumb","itemListElement":[{"@type":"ListItem","position":1,"name":"Accueil","item":"https:\/\/copy.maison-petite-enfance.bmp-services.ch\/de\/"},{"@type":"ListItem","position":2,"name":"Jobangebot"}]},{"@type":"WebSite","@id":"https:\/\/copy.maison-petite-enfance.bmp-services.ch\/de\/#website","url":"https:\/\/copy.maison-petite-enfance.bmp-services.ch\/de\/","name":"La Maison de la Petite Enfance de Fribourg","description":"Lieu d\u2019accueil pour les enfants de 0 \u00e0 4 ans avec leurs parents","potentialAction":[{"@type":"SearchAction","target":{"@type":"EntryPoint","urlTemplate":"https:\/\/copy.maison-petite-enfance.bmp-services.ch\/de\/?s={search_term_string}"},"query-input":{"@type":"PropertyValueSpecification","valueRequired":true,"valueName":"search_term_string"}}],"inLanguage":"de"}]}},"_links":{"self":[{"href":"https:\/\/copy.maison-petite-enfance.bmp-services.ch\/de\/wp-json\/wp\/v2\/pages\/306","targetHints":{"allow":["GET"]}}],"collection":[{"href":"https:\/\/copy.maison-petite-enfance.bmp-services.ch\/de\/wp-json\/wp\/v2\/pages"}],"about":[{"href":"https:\/\/copy.maison-petite-enfance.bmp-services.ch\/de\/wp-json\/wp\/v2\/types\/page"}],"author":[{"embeddable":true,"href":"https:\/\/copy.maison-petite-enfance.bmp-services.ch\/de\/wp-json\/wp\/v2\/users\/1"}],"replies":[{"embeddable":true,"href":"https:\/\/copy.maison-petite-enfance.bmp-services.ch\/de\/wp-json\/wp\/v2\/comments?post=306"}],"version-history":[{"count":7,"href":"https:\/\/copy.maison-petite-enfance.bmp-services.ch\/de\/wp-json\/wp\/v2\/pages\/306\/revisions"}],"predecessor-version":[{"id":570,"href":"https:\/\/copy.maison-petite-enfance.bmp-services.ch\/de\/wp-json\/wp\/v2\/pages\/306\/revisions\/570"}],"wp:attachment":[{"href":"https:\/\/copy.maison-petite-enfance.bmp-services.ch\/de\/wp-json\/wp\/v2\/media?parent=306"}],"curies":[{"name":"wp","href":"https:\/\/api.w.org\/{rel}","templated":true}]}}